{"id":1008,"date":"2023-11-17T14:00:19","date_gmt":"2023-11-17T19:00:19","guid":{"rendered":"https:\/\/restaure-dev.name\/?page_id=1008"},"modified":"2024-01-31T13:52:12","modified_gmt":"2024-01-31T18:52:12","slug":"renovation-a-la-carte-program","status":"publish","type":"page","link":"https:\/\/restaure-action.com\/en\/funding\/renovation-a-la-carte-program\/","title":{"rendered":"R\u00e9novation \u00e0 la carte program"},"content":{"rendered":"\n<p><strong>The municipal program Renovation \u00e0 la Carte provides financial assistance to property owners for the renovation or replacement of certain exterior or interior components of their residential or mixed-use building. The program\u2019s objectives include preventing the decay of residential rental buildings and encouraging their modernization through selective renovation work.<\/strong><\/p>\n\n\n\n<p>Many types of work are eligible, such as cladding, crown, doors and windows, balconies, staircases and railings, roof, bathroom, kitchen, electrical panel, heating system, basement and landscaping of the backyard. For the non-residential section of mixed-use buildings, only work on external components is eligible. For more information and for the complete list of eligible work, please check the&nbsp;<a href=\"http:\/\/ville.montreal.qc.ca\/portal\/page?_pageid=9437,116693573&amp;_dad=portal&amp;_schema=PORTAL\" target=\"_blank\" rel=\"noreferrer noopener nofollow\">R\u00e9novation \u00e0 la Carte Program<\/a>&nbsp;on City of Montreal\u2019s Website.<\/p>\n\n\n\n<p>To be eligible, the work must be performed under the complete responsibility of a general contractor duly licensed by the R\u00e9gie du b\u00e2timent du Qu\u00e9bec. The work must be completed within six months of the city\u2019s approval. Restaure-Action, your masonry general contractor in Montreal, has the knowledge, qualifications and expertise to take on your renovations.<\/p>\n\n\n\n<div style=\"height:100px\" aria-hidden=\"true\" class=\"wp-block-spacer\"><\/div>\n\n\n\n<h4 class=\"wp-block-heading Line\">What you need to know\u2026<\/h4>\n\n\n\n<ol class=\"wp-block-list\">\n<li>The building was constructed or converted into a residential or mixed-use building (a building that is both residential and commercial) at least 20 years ago.<\/li>\n\n\n\n<li>The average property value per unit (land and building) does not exceed the maximum amounts listed in the chart \u201cBuilding Eligibility\u201d of the R\u00e9novation \u00e0 la Carte Program.<\/li>\n\n\n\n<li>Families with at least one child under 18 who are resident landlords of a building with one, two or three above-ground dwellings are eligible for financial assistance regardless of the value of their property, if it is located in specific sectors designated by the program.<\/li>\n\n\n\n<li>The owner cannot receive financial assistance from other sources for the same work unless it is to improve the building\u2019s energy efficiency or to replace a heating system.<\/li>\n\n\n\n<li>The program encourages owners to restore components with heritage value instead of replacing them.<\/li>\n\n\n\n<li>Under an agreement between Hydro-Qu\u00e9bec and City of Montreal, additional financial aid to owners of residential buildings situated in a designated sector could be available if the work includes measures to increase the building\u2019s energy efficiency.<\/li>\n<\/ol>\n\n\n\n<p><em>Please note that owners of residential buildings planning a complete renovation of their building should check if they are eligible for financial assistance under the program for\u00a0<a href=\"https:\/\/www.restaure-action.com\/en\/subventions\/programme-renovation-residentielle-majeure\/\" target=\"_blank\" rel=\"noreferrer noopener\">Major Residential Renovation Program.<\/a><\/em><\/p>\n\n\n\n<div style=\"height:100px\" aria-hidden=\"true\" class=\"wp-block-spacer\"><\/div>\n\n\n\n<p><strong>Contact the Restaure-Action team now, for any questions, or to get a quote on your renovations!<\/strong><\/p>\n\n\n\n<p><strong>Source :<\/strong>&nbsp;<a href=\"http:\/\/ville.montreal.qc.ca\/portal\/page?_pageid=9437,116693573&amp;_dad=portal&amp;_schema=PORTAL\" target=\"_blank\" rel=\"noreferrer noopener nofollow\">R\u00e9novation \u00e0 la Carte Program<\/a>, City of Montreal<\/p>\n","protected":false},"excerpt":{"rendered":"<p>The municipal program Renovation \u00e0 la Carte provides financial assistance to property [&hellip;]<\/p>\n","protected":false},"author":2,"featured_media":0,"parent":998,"menu_order":0,"comment_status":"closed","ping_status":"closed","template":"","meta":{"footnotes":""},"tags":[],"class_list":["post-1008","page","type-page","status-publish","hentry"],"acf":[],"jetpack_sharing_enabled":true,"_links":{"self":[{"href":"https:\/\/restaure-action.com\/en\/wp-json\/wp\/v2\/pages\/1008","targetHints":{"allow":["GET"]}}],"collection":[{"href":"https:\/\/restaure-action.com\/en\/wp-json\/wp\/v2\/pages"}],"about":[{"href":"https:\/\/restaure-action.com\/en\/wp-json\/wp\/v2\/types\/page"}],"author":[{"embeddable":true,"href":"https:\/\/restaure-action.com\/en\/wp-json\/wp\/v2\/users\/2"}],"replies":[{"embeddable":true,"href":"https:\/\/restaure-action.com\/en\/wp-json\/wp\/v2\/comments?post=1008"}],"version-history":[{"count":1,"href":"https:\/\/restaure-action.com\/en\/wp-json\/wp\/v2\/pages\/1008\/revisions"}],"predecessor-version":[{"id":1009,"href":"https:\/\/restaure-action.com\/en\/wp-json\/wp\/v2\/pages\/1008\/revisions\/1009"}],"up":[{"embeddable":true,"href":"https:\/\/restaure-action.com\/en\/wp-json\/wp\/v2\/pages\/998"}],"wp:attachment":[{"href":"https:\/\/restaure-action.com\/en\/wp-json\/wp\/v2\/media?parent=1008"}],"wp:term":[{"taxonomy":"post_tag","embeddable":true,"href":"https:\/\/restaure-action.com\/en\/wp-json\/wp\/v2\/tags?post=1008"}],"curies":[{"name":"wp","href":"https:\/\/api.w.org\/{rel}","templated":true}]}}